{"id":1526,"date":"2020-12-21T11:55:55","date_gmt":"2020-12-21T10:55:55","guid":{"rendered":"https:\/\/5mpartner-com.mon.world\/?page_id=1526"},"modified":"2021-01-13T12:25:56","modified_gmt":"2021-01-13T11:25:56","slug":"mentions-legales","status":"publish","type":"page","link":"https:\/\/www.5mpartner.com\/en\/mentions-legales\/","title":{"rendered":"Legal notice and privacy policy"},"content":{"rendered":"<div data-elementor-type=\"wp-page\" data-elementor-id=\"1526\" class=\"elementor elementor-1526\" data-elementor-post-type=\"page\">\n\t\t\t\t\t\t<section class=\"elementor-section elementor-top-section elementor-element elementor-element-491fb118 elementor-section-boxed elementor-section-height-default elementor-section-height-default\" data-id=\"491fb118\" data-element_type=\"section\" data-e-type=\"section\">\n\t\t\t\t\t\t<div class=\"elementor-container elementor-column-gap-default\">\n\t\t\t\t\t<div class=\"elementor-column elementor-col-100 elementor-top-column elementor-element elementor-element-7bc98195\" data-id=\"7bc98195\" data-element_type=\"column\" data-e-type=\"column\">\n\t\t\t<div class=\"elementor-widget-wrap elementor-element-populated\">\n\t\t\t\t\t\t<div class=\"elementor-element elementor-element-5a22de1a elementor-widget elementor-widget-text-editor\" data-id=\"5a22de1a\" data-element_type=\"widget\" data-e-type=\"widget\" data-widget_type=\"text-editor.default\">\n\t\t\t\t<div class=\"elementor-widget-container\">\n\t\t\t\t\t\t\t\t\t\n<h1 class=\"wp-block-heading\"><strong>5m Partner <\/strong><strong>Privacy policy<\/strong><\/h1>\n<p>\u00a0<\/p>\n<p>5m Partner, concerned about the rights of individuals, in particular with regard to automated processing and in a desire for transparency with its customers, has implemented a policy covering all of these automated processing, the purposes pursued by the latter as well as means of action available to individuals so that they can best exercise their rights.<br \/>For any additional information on the protection of personal data, we invite you to consult the website: <strong><span style=\"color: #000000;\"><a style=\"color: #000000;\" href=\"https:\/\/www.cnil.fr\/\">https:\/\/www.cnil.fr\/<\/a><\/span><\/strong><\/p>\n<p><br \/>Continuing to use this site constitutes unreserved acceptance of the following terms and conditions of use.<\/p>\n<p>The currently online version of these conditions of use is the only one enforceable during the entire period of use of the site and until a new version replaces it.<\/p>\n<p>\u00a0<\/p>\n<p><span style=\"color: #000000;\"><strong>Article 1 - Legal notices<\/strong><\/span><\/p>\n<p><strong><br \/>1.1 Website<\/strong><\/p>\n<p>5m Partner<\/p>\n<p><strong><br \/>1.2 Publisher<\/strong><\/p>\n<p>5m Partner SARL au capital de 7.740 \u20ac<\/p>\n<p>registered office located: 65 rue Aristide Briand - BP 5 27400 ACQUIGNY<br \/>represented by Mrs. Gwena\u00eblle CLECH, as Director of the publication<br \/>registered with the RCS of Evreux 431 794 221 \/ VAT number: FR 55 431 794 221<br \/>Phone number: 02 32 09 52 52<br \/>Mail:\u00a0<span style=\"color: #000000;\"><strong><a style=\"color: #000000;\" href=\"mailto:gclech@5mpartner.com\">gclech@5mpartner.com<\/a><\/strong><\/span><\/p>\n<p><strong><br \/>1.3 Design and development<\/strong><\/p>\n<p>This website is designed and developed by <a href=\"http:\/\/www.anthares-creation.com\/\"><strong><span style=\"color: #000000;\">Anthar\u00e8s Cr\u00e9ation<\/span><\/strong><\/a><br \/>Registered office located: 17, avenue Aristide Briand - 27930 Gravigny<br \/>Phone: 02 32 39 50 18<br \/>Mail :\u00a0<span style=\"color: #000000;\"><strong><a style=\"color: #000000;\" href=\"mailto:contact@anthares-creation.com\">contact@anthares-creation.com<\/a><\/strong><\/span><br \/>RCS Evreux : 401704176<br \/>Website:\u00a0<span style=\"color: #000000;\"><strong><a style=\"color: #000000;\" href=\"http:\/\/www.anthares-creation.com\/\">www.anthares-creation.com<\/a><\/strong><\/span><\/p>\n<p>\u00a0<\/p>\n<p><strong>1.4 Data hosting<\/strong><\/p>\n<p>The website and its database <span style=\"color: #000000;\"><strong><a style=\"color: #000000;\" href=\"http:\/\/www.5mpartner.com\/en\/\">www.5mpartner.com<\/a><\/strong><\/span> are hosted by PlanetHoster<\/p>\n<p>Website:<span style=\"color: #000000;\"><strong> <a style=\"color: #000000;\" href=\"https:\/\/www.planethoster.com\/fr\/\" target=\"_blank\" rel=\"noopener\">https:\/\/www.planethoster.com\/fr\/<\/a><\/strong><\/span><\/p>\n<p><strong><br \/>1.5 Data<\/strong><\/p>\n<p>A data protection officer: Mrs. Gwena\u00eblle CLECH, <span style=\"color: #000000;\"><strong><a style=\"color: #000000;\" href=\"mailto:gclech@5mpartner.com\">gclech@5mpartner.com<\/a><\/strong><\/span>gclech@5mpartner.com, is available for any question relating to the protection of your personal data.<\/p>\n<p>\u00a0<\/p>\n<p><span style=\"color: #000000;\"><strong>Article 2 - Access to the site<\/strong><\/span><\/p>\n<p>Access to the site and its use are reserved for strictly personal use. You agree not to use this site and the information or data contained therein for commercial, political, advertising purposes or for any form of commercial solicitation and in particular the sending of unsolicited e-mails.<\/p>\n<p><br \/><span style=\"color: #000000;\"><strong>Article 3 - Website content<\/strong><\/span><\/p>\n<p>All trademarks, photographs, texts, comments, illustrations, images, animated or not, video sequences, sounds, as well as all computer applications that could be used to make this site work and more generally all the elements reproduced or used on the site are protected by the laws in force in respect of intellectual property.<br \/>They are the full and entire property of the publisher or its partners. Any reproduction, representation, use or adaptation, in any form whatsoever, of all or part of these elements, including computer applications, without the prior written consent of the publisher, is strictly prohibited. The fact that the publisher does not initiate proceedings upon becoming aware of these unauthorized uses does not constitute acceptance of said uses and waiver of prosecution.<\/p>\n<p><br \/><span style=\"color: #000000;\"><strong>Article 4 - Website management<\/strong><\/span><\/p>\n<p>For the proper management of the site, the publisher may at any time:<br \/>\u2013 suspend, interrupt or limit access to all or part of the site, reserve access to the site, or certain parts of the site, to a specific category of Internet users;<br \/>\u2013 delete any information that could disrupt its operation or contravene national or international laws;<br \/>\u2013 suspend the site in order to carry out updates.<\/p>\n<p><br \/><span style=\"color: #000000;\"><strong>Article 5 - Responsibilities<\/strong><\/span><\/p>\n<p>The publisher cannot be held liable in the event of failure, breakdown, difficulty or interruption of operation, preventing access to the site or one of its functions.<br \/>The material used to access the site is under your whole responsibility. You must take all appropriate measures to protect your equipment and your own data, including virus attacks over the Internet. You are also solely responsible for the sites and data you consult.<\/p>\n<p>The publisher cannot be held responsible in the event of legal proceedings against you:<br \/>\u2013 due to use of the site or any service accessible via the Internet;<br \/>\u2013  due to your non-compliance with these general conditions.<\/p>\n<p>The publisher is not responsible for any damage caused by you, third parties and \/ or your equipment as a result of your connection or your use of the site and you waive any action against him as a result.<br \/>If the publisher were to be the subject of an amicable or legal procedure because of your use of the site, he could turn against you to obtain compensation for all damages, sums, convictions and costs that could result from this procedure.<\/p>\n<p>\u00a0<\/p>\n<p><span style=\"color: #000000;\"><strong>Article 6 - Hypertext links<\/strong><\/span><\/p>\n<p>The establishment by users of all hypertext links to all or part of the site is authorized by the publisher. Any link must be removed at the request of the publisher.<br \/>Any information accessible through a link to other sites is not published by the publisher. The publisher does not have any rights to the content of the link.<\/p>\n<p><strong><br \/><span style=\"color: #000000;\">Article 7 - Data collection and protection<\/span><\/strong><\/p>\n<p>Your data is collected by the company 5m Partner<br \/>Personal data means any information relating to an identified or identifiable person (concerned person); An identifiable person is a person who can be identified, directly or indirectly, in particular by reference to<br \/>a name, an identification number or to one or more specific elements specific to his physical, physiological, genetic, psychological, economic, cultural or social identity.<br \/>The personal information that may be collected on the site is mainly used by the publisher for managing relationships with you, and where applicable for processing your orders.<br \/>The personal data collected are as follows:<br \/>\u2013 last name and first name<br \/>\u2013 email address<br \/>\u2013 subject and message of the contact form<br \/>A data protection officer: Mrs. Gwena\u00eblle CLECH, gclech@5mpartner.com, is available for any question related to the protection of your personal data.<\/p>\n<p><strong><br \/><span style=\"color: #000000;\">Article 8 - Right of access, rectification and delisting of your data<\/span><\/strong><\/p>\n<p>In application of the regulations applicable to personal data, users have the following rights:<br \/>\u2022 the right of access: they can exercise their right of access, to know their personal data, by writing the email address mentioned below. In this case, before implementing this right, the site may request proof of the user's identity in order to verify its accuracy;<br \/>\u2022 the right of rectification: if the personal data held by the site are inaccurate, they can request the updating of the information;<br \/>\u2022 the right to delete data: users can request the deletion of their personal data, in accordance with applicable data protection laws;<br \/>\u2022 the right to limit processing: users can ask the site to limit the processing of personal data in accordance with the assumptions provided for by the GDPR;<br \/>\u2022 the right to object to data processing: users can object to their data being processed in accordance with the assumptions provided for by the GDPR;<br \/>\u2022 the right to portability: they can request that the site provide them with the personal data they have provided to transmit them to a new Platform.<br \/>You can exercise this right by contacting us at the following address:<br \/>65 rue Aristide Briand \u2013 BP 5 27400 ACQUIGNY<br \/>You can also contact our data protection officer: Mrs. Gwena\u00eblle CLECH, <span style=\"color: #000000;\"><strong><a style=\"color: #000000;\" href=\"mailto:gclech@5mpartner.com\">gclech@5mpartner.com<\/a><\/strong><\/span>, who is available for any question relating to the protection of your personal data.<\/p>\n<p>All requests must be accompanied by a photocopy of a valid signed identity document and mention the address at which the publisher can contact the requester. The response will be sent within one month of receipt of the request. This one-month period may be extended by two months if the complexity of the request and \/ or the number of requests so require.<\/p>\n<p>In addition, and since Law No. 2016-1321 of October 7, 2016, people who wish to do so have the possibility of organizing the fate of their data after their death. For more information on the subject, you can consult the CNIL website: https:\/\/www.cnil.fr\/. <span style=\"color: #000000;\"><strong><a style=\"color: #000000;\" href=\"https:\/\/www.cnil.fr\/\">https:\/\/www.cnil.fr\/<\/a><\/strong><\/span>.<\/p>\n<p>Users can also lodge a complaint with the CNIL on the CNIL website: <a href=\"https:\/\/www.cnil.fr\"><span style=\"color: #000000;\"><strong>https:\/\/www.cnil.fr<\/strong><\/span><\/a>.<\/p>\n<p>We recommend that you contact us first before filing a complaint with the CNIL, because we are at your disposal to resolve your problem.<\/p>\n<p><strong><br \/><span style=\"color: #000000;\">Article 9 - Use of data<\/span><\/strong><\/p>\n<p>The personal data collected from users is intended to provide site services, improve them and maintain a secure environment. The legal basis for processing is the execution of the contract between the user and the site. More specifically, the uses are as follows:<br \/>\u2013 access and use of the site by the user;<br \/>\u2013 management of the operation and optimization of the site;<br \/>\u2013 implementation of user assistance;<br \/>\u2013 verification, identification and authentication of data transmitted by the user;<br \/>\u2013 prevention and detection of fraud, malware (malicious software) and management of incidents of<br \/>security;<br \/>\u2013 management of any disputes with users;<br \/>\u2013 sending commercial and advertising information, based on user preferences.<\/p>\n<p><strong><br \/><span style=\"color: #000000;\">Article 10 - Data retention policy<\/span><\/strong><\/p>\n<p>The site keeps your data for the time necessary to provide you with its services or assistance.<br \/>To the extent reasonably necessary or required to meet legal or regulatory obligations, resolve disputes, prevent fraud and abuse, or enforce our terms and conditions, we may also retain some of your information if necessary, even after you have closed your account or we no longer need them to provide our services to you.<\/p>\n<p>\u00a0<\/p>\n<p><span style=\"color: #000000;\"><strong>Article 11 - Sharing of personal data with third parties<\/strong><\/span><\/p>\n<p>Personal data may be shared with third-party companies exclusively in the European Union, in the following cases:<br \/>\u2013 when the user publishes publicly accessible information in the free comment areas of the site;<br \/>\u2013 when the user authorizes the website of a third party to access his data;<br \/>\u2013 when the site uses the services of providers to provide user support, advertising and payment services. These service providers have limited access to user data, as part of the performance of these services, and have a contractual obligation to use them in accordance with the provisions of the applicable regulations on the protection of personal data. staff;<br \/>\u2013 if required by law, the site may transmit data to follow up on complaints made against the site and comply with administrative and legal procedures.<\/p>\n<p><strong><br \/><span style=\"color: #000000;\">Article 12 &#8211; Cookies<\/span><\/strong><\/p>\n<p>What is a \u201ccookie\u201d?<\/p>\n<p>A \"Cookie\" or tracer is an electronic file placed on a terminal (computer, tablet, smartphone, etc.) and read for example when consulting a website, reading an e-mail, installing or the use of software or a mobile application, regardless of the type of terminal used (source: <a href=\"https:\/\/www.cnil.fr\/fr\/cookies-traceurs-que-dit-la-loi\"><strong><span style=\"color: #000000;\">https:\/\/www.cnil.fr\/fr\/cookies-traceurs-que-dit-la-loi<\/span><\/strong><\/a>).<br \/>By browsing this site, \"cookies\" from the company responsible for the site concerned and \/ or third-party companies may be placed on your terminal.<br \/>When browsing this site for the first time, an explanatory banner on the use of \"cookies\" will appear. Therefore, by continuing to browse, the customer and \/ or prospect will be deemed to have been informed and to have accepted the use of \"cookies\".<\/p>\n<p>The consent given will be valid for a period of thirteen (13) months. The user has the option of deactivating cookies from their browser settings.<br \/>All information collected will only be used to track the volume, type and configuration of traffic using this site, to develop its design and layout and for other administrative and planning purposes and more generally to improve the service that we offer you.<\/p>\n<p><strong>Cookies Google analytics : <\/strong>used to measure the audience of the site;<br \/>The lifespan of these cookies is thirteen months.<\/p>\n<p>For more information on the use, management and deletion of \"cookies\", for any type of browser, we invite you to consult the following link: <strong><span style=\"color: #000000;\"><a style=\"color: #000000;\" href=\"https:\/\/www.cnil.fr\/fr\/cookies-les-outils-pour-les-maitriser\">https:\/\/www.cnil.fr\/fr\/cookies-les-outils-pour-les-maitriser<\/a><\/span><\/strong>.<\/p>\n<p><strong><br \/><span style=\"color: #000000;\">Article 13 - Photographs and representation of products<\/span><\/strong><\/p>\n<p>The photographs of products, accompanying their description, are not contractual and do not commit the publisher.<\/p>\n<p><br \/><span style=\"color: #000000;\"><strong>Article 14 - Applicable law<\/strong><\/span><\/p>\n<p>These conditions of use of the site are governed by French law and subject to the jurisdiction of the social courts of the publisher, subject to a specific attribution of jurisdiction arising from a particular law or regulation.<\/p>\n<p><br \/><span style=\"color: #000000;\"><strong>Article 15 - Contact us<\/strong><\/span><\/p>\n<p>For any questions, information on the products presented on the site, or concerning the site itself, you can leave us a message at the following address:\u00a0<span style=\"color: #000000;\"><strong><a style=\"color: #000000;\" href=\"mailto:gclech@5mpartner.com\">gclech@5mpartner.com<\/a><\/strong><\/span><\/p>\n\t\t\t\t\t\t\t\t<\/div>\n\t\t\t\t<\/div>\n\t\t\t\t\t<\/div>\n\t\t<\/div>\n\t\t\t\t\t<\/div>\n\t\t<\/section>\n\t\t\t\t<\/div>","protected":false},"excerpt":{"rendered":"<p>Mentions l\u00e9gales et politique de confidentialit\u00e9 \u00a0 La soci\u00e9t\u00e9 5m Partner, soucieuse des droits des individus, notamment au regard des traitements automatis\u00e9s et dans une volont\u00e9 de transparence avec ses clients, a mis en place une politique reprenant l&rsquo;ensemble de ces traitements automatis\u00e9s, des finalit\u00e9s poursuivies par ces derniers ainsi que des moyens d&rsquo;actions \u00e0 [&hellip;]<\/p>\n","protected":false},"author":3,"featured_media":0,"parent":0,"menu_order":0,"comment_status":"closed","ping_status":"closed","template":"","meta":{"footnotes":""},"class_list":["post-1526","page","type-page","status-publish","hentry"],"_links":{"self":[{"href":"https:\/\/www.5mpartner.com\/en\/wp-json\/wp\/v2\/pages\/1526","targetHints":{"allow":["GET"]}}],"collection":[{"href":"https:\/\/www.5mpartner.com\/en\/wp-json\/wp\/v2\/pages"}],"about":[{"href":"https:\/\/www.5mpartner.com\/en\/wp-json\/wp\/v2\/types\/page"}],"author":[{"embeddable":true,"href":"https:\/\/www.5mpartner.com\/en\/wp-json\/wp\/v2\/users\/3"}],"replies":[{"embeddable":true,"href":"https:\/\/www.5mpartner.com\/en\/wp-json\/wp\/v2\/comments?post=1526"}],"version-history":[{"count":10,"href":"https:\/\/www.5mpartner.com\/en\/wp-json\/wp\/v2\/pages\/1526\/revisions"}],"predecessor-version":[{"id":1917,"href":"https:\/\/www.5mpartner.com\/en\/wp-json\/wp\/v2\/pages\/1526\/revisions\/1917"}],"wp:attachment":[{"href":"https:\/\/www.5mpartner.com\/en\/wp-json\/wp\/v2\/media?parent=1526"}],"curies":[{"name":"wp","href":"https:\/\/api.w.org\/{rel}","templated":true}]}}