{"id":1389,"date":"2020-12-17T14:30:38","date_gmt":"2020-12-17T13:30:38","guid":{"rendered":"https:\/\/5mpartner-com.mon.world\/?page_id=1389"},"modified":"2021-01-21T14:56:30","modified_gmt":"2021-01-21T13:56:30","slug":"nous-rejoindre","status":"publish","type":"page","link":"https:\/\/www.5mpartner.com\/en\/nous-rejoindre\/","title":{"rendered":"Join us"},"content":{"rendered":"\t\t<div data-elementor-type=\"wp-page\" data-elementor-id=\"1389\" class=\"elementor elementor-1389\" data-elementor-post-type=\"page\">\n\t\t\t\t\t\t<section class=\"elementor-section elementor-top-section elementor-element elementor-element-1992045 elementor-section-full_width elementor-section-height-min-height elementor-section-height-default elementor-section-items-middle\" data-id=\"1992045\" data-element_type=\"section\" data-e-type=\"section\" data-settings=\"{&quot;background_background&quot;:&quot;classic&quot;,&quot;background_motion_fx_motion_fx_scrolling&quot;:&quot;yes&quot;,&quot;background_motion_fx_translateY_effect&quot;:&quot;yes&quot;,&quot;background_motion_fx_translateY_speed&quot;:{&quot;unit&quot;:&quot;px&quot;,&quot;size&quot;:10,&quot;sizes&quot;:[]},&quot;background_motion_fx_translateY_affectedRange&quot;:{&quot;unit&quot;:&quot;%&quot;,&quot;size&quot;:&quot;&quot;,&quot;sizes&quot;:{&quot;start&quot;:0,&quot;end&quot;:100}},&quot;background_motion_fx_devices&quot;:[&quot;desktop&quot;,&quot;tablet&quot;,&quot;mobile&quot;]}\">\n\t\t\t\t\t\t<div class=\"elementor-container elementor-column-gap-default\">\n\t\t\t\t\t<div class=\"elementor-column elementor-col-100 elementor-top-column elementor-element elementor-element-aa10060\" data-id=\"aa10060\" data-element_type=\"column\" data-e-type=\"column\">\n\t\t\t<div class=\"elementor-widget-wrap elementor-element-populated\">\n\t\t\t\t\t\t<div class=\"elementor-element elementor-element-29baa73 elementor-widget elementor-widget-image\" data-id=\"29baa73\" data-element_type=\"widget\" data-e-type=\"widget\" data-widget_type=\"image.default\">\n\t\t\t\t<div class=\"elementor-widget-container\">\n\t\t\t\t\t\t\t\t\t\t\t\t\t\t\t<img decoding=\"async\" width=\"235\" height=\"168\" src=\"https:\/\/www.5mpartner.com\/wp-content\/uploads\/2020\/07\/Groupe-243.svg\" class=\"attachment-full size-full wp-image-337\" alt=\"\" \/>\t\t\t\t\t\t\t\t\t\t\t\t\t\t\t<\/div>\n\t\t\t\t<\/div>\n\t\t\t\t<div class=\"elementor-element elementor-element-68be41d elementor-widget elementor-widget-heading\" data-id=\"68be41d\" data-element_type=\"widget\" data-e-type=\"widget\" data-widget_type=\"heading.default\">\n\t\t\t\t<div class=\"elementor-widget-container\">\n\t\t\t\t\t<span class=\"elementor-heading-title elementor-size-default\">Industries de sant\u00e9, l\u2019assurance de votre conformit\u00e9 qualit\u00e9<\/span>\t\t\t\t<\/div>\n\t\t\t\t<\/div>\n\t\t\t\t\t<\/div>\n\t\t<\/div>\n\t\t\t\t\t<\/div>\n\t\t<\/section>\n\t\t\t\t<section class=\"elementor-section elementor-top-section elementor-element elementor-element-f97de71 elementor-section-boxed elementor-section-height-default elementor-section-height-default\" data-id=\"f97de71\" data-element_type=\"section\" data-e-type=\"section\" data-settings=\"{&quot;background_background&quot;:&quot;classic&quot;,&quot;background_motion_fx_motion_fx_mouse&quot;:&quot;yes&quot;,&quot;background_motion_fx_mouseTrack_effect&quot;:&quot;yes&quot;,&quot;background_motion_fx_mouseTrack_direction&quot;:&quot;negative&quot;,&quot;background_motion_fx_mouseTrack_speed&quot;:{&quot;unit&quot;:&quot;px&quot;,&quot;size&quot;:1,&quot;sizes&quot;:[]}}\">\n\t\t\t\t\t\t<div class=\"elementor-container elementor-column-gap-default\">\n\t\t\t\t\t<div class=\"elementor-column elementor-col-100 elementor-top-column elementor-element elementor-element-234fe68\" data-id=\"234fe68\" data-element_type=\"column\" data-e-type=\"column\">\n\t\t\t<div class=\"elementor-widget-wrap elementor-element-populated\">\n\t\t\t\t\t\t<div class=\"elementor-element elementor-element-a9db94e elementor-widget elementor-widget-pp-breadcrumbs\" data-id=\"a9db94e\" data-element_type=\"widget\" data-e-type=\"widget\" data-settings=\"{&quot;breadcrumbs_type&quot;:&quot;powerpack&quot;}\" data-widget_type=\"pp-breadcrumbs.default\">\n\t\t\t\t<div class=\"elementor-widget-container\">\n\t\t\t\t\t<ul class=\"pp-breadcrumbs pp-breadcrumbs-powerpack\">\t\t<li class=\"pp-breadcrumbs-item pp-breadcrumbs-item-home\">\n\t\t\t<a class=\"pp-breadcrumbs-crumb pp-breadcrumbs-crumb-link pp-breadcrumbs-crumb-home\" href=\"https:\/\/www.5mpartner.com\/en\" title=\"Accueil\">\n\t\t\t\t<span class=\"pp-breadcrumbs-text\">\n\t\t\t\t\t\t\t\t\t\t\t<span class=\"pp-icon\">\n\t\t\t\t\t\t\t<i aria-hidden=\"true\" class=\"fas fa-home\"><\/i>\t\t\t\t\t\t<\/span>\n\t\t\t\t\t\t\t\t\t\tAccueil\t\t\t\t<\/span>\n\t\t\t<\/a>\n\t\t<\/li>\n\t\t<li class=\"pp-breadcrumbs-separator\">\t\t\t\t<span class='pp-separator-icon pp-icon'>\n\t\t\t\t\t<i aria-hidden=\"true\" class=\"fas fa-angle-right\"><\/i>\t\t\t\t<\/span>\n\t\t\t\t<\/li><\/ul>\t\t\t\t<\/div>\n\t\t\t\t<\/div>\n\t\t\t\t<div class=\"elementor-element elementor-element-9ebcb82 pp-dual-heading-inline elementor-widget elementor-widget-pp-dual-heading\" data-id=\"9ebcb82\" data-element_type=\"widget\" data-e-type=\"widget\" data-widget_type=\"pp-dual-heading.default\">\n\t\t\t\t<div class=\"elementor-widget-container\">\n\t\t\t\t\t<h1 class=\"pp-dual-heading\"><span class=\"pp-first-text\">Envie de rejoindre l\u2019\u00e9quipe 5m Partner comme consultant qualit\u00e9 ?<\/span><\/h1>\t\t\t\t<\/div>\n\t\t\t\t<\/div>\n\t\t\t\t<div class=\"elementor-element elementor-element-77c414c elementor-widget elementor-widget-text-editor\" data-id=\"77c414c\" data-element_type=\"widget\" data-e-type=\"widget\" data-widget_type=\"text-editor.default\">\n\t\t\t\t<div class=\"elementor-widget-container\">\n\t\t\t\t\t\t\t\t\t<div class=\"\"><div class=\"\" dir=\"auto\"><div class=\"\"><div class=\"\"><div class=\"\"><div class=\"WordSection1\"><div class=\"\"><span style=\"color: #000000;\">Si vous n\u2019aimez pas la routine, les missions que nous proposons sont faites pour vous\u2026<\/span><\/div><\/div><div class=\"WordSection1\"><div class=\"\"><span class=\"\" style=\"color: #000000;\">Au sein d\u2019une \u00e9quipe \u00e0 taille humaine, nous vous proposons une diversit\u00e9 de missions aupr\u00e8s de nos clients du secteur des industries de sant\u00e9.<\/span><\/div><div>\u00a0<\/div><div class=\"\"><strong>5m Partner : <\/strong><strong>Passionn\u00e9ment qualit\u00e9, <\/strong><strong>R\u00e9solument humain.<\/strong><\/div><div><div><div class=\"\"><div class=\"\">65, Rue Aristide Briand &#8211; BP 5<\/div><\/div><\/div><div><div class=\"\"><div class=\"\">27400 ACQUIGNY<\/div><\/div><\/div><\/div><\/div><\/div><\/div><\/div><\/div><\/div>\t\t\t\t\t\t\t\t<\/div>\n\t\t\t\t<\/div>\n\t\t\t\t<div class=\"elementor-element elementor-element-cfc181f pp-formidable-forms-labels-yes pp-formidable-forms-button-custom elementor-widget elementor-widget-pp-formidable-forms\" data-id=\"cfc181f\" data-element_type=\"widget\" data-e-type=\"widget\" data-widget_type=\"pp-formidable-forms.default\">\n\t\t\t\t<div class=\"elementor-widget-container\">\n\t\t\t\t\t\t\t\t\t<div class=\"pp-contact-form pp-formidable-forms\">\n\t\t\t\t\t\t\t\t\t\t<div class=\"frm_forms  with_frm_style frm_style_style-formidable\" id=\"frm_form_2_container\" >\n<form enctype=\"multipart\/form-data\" method=\"post\" class=\"frm-show-form  frm_pro_form \" id=\"form_contact-form1ce92094fd\" >\n<div class=\"frm_form_fields \">\n<fieldset>\n<legend class=\"frm_screen_reader\">Nous rejoindre<\/legend>\r\n\r\n<div class=\"frm_fields_container\">\n<input type=\"hidden\" name=\"frm_action\" value=\"create\" \/>\n<input type=\"hidden\" name=\"form_id\" value=\"2\" \/>\n<input type=\"hidden\" name=\"frm_hide_fields_2\" id=\"frm_hide_fields_2\" value=\"\" \/>\n<input type=\"hidden\" name=\"form_key\" value=\"contact-form1ce92094fd\" \/>\n<input type=\"hidden\" name=\"item_meta[0]\" value=\"\" \/>\n<input type=\"hidden\" id=\"frm_submit_entry_2\" name=\"frm_submit_entry_2\" value=\"79910b4fd8\" \/><input type=\"hidden\" name=\"_wp_http_referer\" value=\"\/en\/wp-json\/wp\/v2\/pages\/1389\" \/><div id=\"frm_field_6_container\" class=\"frm_form_field form-field  frm_required_field frm_top_container frm_full\">\r\n    <label for=\"field_qh4icydfe5440b63\" id=\"field_qh4icydfe5440b63_label\" class=\"frm_primary_label\">Nom\r\n        <span class=\"frm_required\">*<\/span>\r\n    <\/label>\r\n    <input  type=\"text\" id=\"field_qh4icydfe5440b63\" name=\"item_meta[6]\" value=\"\"  data-reqmsg=\"Ce champ ne peut pas \u00eatre vide\" aria-required=\"true\" data-invmsg=\"Name est non valide\" aria-invalid=\"false\"   \/>\r\n    \r\n    \r\n<\/div>\n<div id=\"frm_field_7_container\" class=\"frm_form_field form-field  frm_required_field frm_top_container frm_full\">\r\n    <label for=\"field_29yf4d3cf2250ebb\" id=\"field_29yf4d3cf2250ebb_label\" class=\"frm_primary_label\">Email\r\n        <span class=\"frm_required\">*<\/span>\r\n    <\/label>\r\n    <input type=\"email\" id=\"field_29yf4d3cf2250ebb\" name=\"item_meta[7]\" value=\"\"  data-reqmsg=\"Ce champ ne peut pas \u00eatre vide\" aria-required=\"true\" data-invmsg=\"Please enter a valid email address\" aria-invalid=\"false\"  \/>\r\n    \r\n    \r\n<\/div>\n<div id=\"frm_field_8_container\" class=\"frm_form_field form-field  frm_top_container frm_full\">\r\n    <label for=\"field_e6lis68e971d9819\" id=\"field_e6lis68e971d9819_label\" class=\"frm_primary_label\">Objet\r\n        <span class=\"frm_required\"><\/span>\r\n    <\/label>\r\n    <input  type=\"text\" id=\"field_e6lis68e971d9819\" name=\"item_meta[8]\" value=\"\"  data-invmsg=\"Subject est non valide\" aria-invalid=\"false\"   \/>\r\n    \r\n    \r\n<\/div>\n<div id=\"frm_field_10_container\" class=\"frm_form_field form-field  frm_top_container\">\r\n    <div  id=\"field_2uaa7_label\" class=\"frm_primary_label\">T\u00e9l\u00e9versement de votre CV\r\n        <span class=\"frm_required\"><\/span>\r\n    <\/div>\r\n    <input type=\"hidden\"  data-invmsg=\"T\u00e9l\u00e9versement de fichier est non valide\" aria-invalid=\"false\"   name=\"item_meta[10]\"  value=\"\" data-frmfile=\"10\" \/>\n\n<div class=\"frm_dropzone frm_single_upload frm_clearfix\" id=\"file10_dropzone\" role=\"group\" >\n\t<div class=\"fallback\">\n\t\t<input type=\"file\" name=\"file10\" id=\"field_2uaa7\"\n\t\t\t data-invmsg=\"T\u00e9l\u00e9versement de fichier est non valide\" aria-invalid=\"false\"  \t\t\t\/>\n\t\t\t\t<div class=\"frm_clearfix \"><\/div>\n\t<\/div>\n\t<div class=\"dz-message needsclick\">\n\t\t\t\t<svg  viewBox=\"0 0 18 18\" class=\"frmsvg frm-svg-icon\">\n\t<path viewBox=\"0 0 18 18\" fill-rule=\"evenodd\" clip-rule=\"evenodd\" d=\"M8.2 4v8a.8.8 0 001.5 0V4l2.1 2.2A.7.7 0 1013 5L9.5 1.7a.7.7 0 00-1.1 0L5.1 5.2a.8.8 0 001 1l2.1-2zm7.6 4.3c.4 0 .7.3.7.7v6.8c0 .4-.3.7-.8.7H2.3a.8.8 0 01-.8-.8V9A.8.8 0 013 9v6h12V9c0-.4.3-.8.8-.8z\"><\/path>\n<\/svg>\t\t<span class=\"frm_upload_text\"><button type=\"button\" aria-label=\"T\u00e9l\u00e9versement de votre CV. D\u00e9poser un fichier ici ou cliquer pour t\u00e9l\u00e9charger. Maximum file size: 134.22MB\">D\u00e9poser un fichier ici ou cliquer pour t\u00e9l\u00e9charger<\/button><\/span>\n\t\t<span class=\"frm_compact_text\"><button type=\"button\" aria-label=\"T\u00e9l\u00e9versement de votre CV. Choisir un fichier. Maximum file size: 134.22MB\">Choisir un fichier<\/button><\/span>\n\t\t<div class=\"frm_small_text\">\n\t\t\t<p>Maximum file size: 134.22MB<\/p>\n\t\t<\/div>\n\t<\/div>\n<\/div>\n\t\r\n    \r\n    \r\n<\/div>\n<div id=\"frm_field_9_container\" class=\"frm_form_field form-field  frm_required_field frm_top_container frm_full\">\r\n    <label for=\"field_9jv0r15a6610e415\" id=\"field_9jv0r15a6610e415_label\" class=\"frm_primary_label\">Message\r\n        <span class=\"frm_required\">*<\/span>\r\n    <\/label>\r\n    <textarea name=\"item_meta[9]\" id=\"field_9jv0r15a6610e415\" rows=\"5\"  data-reqmsg=\"Ce champ ne peut pas \u00eatre vide\" aria-required=\"true\" data-invmsg=\"Message is invalid\" aria-invalid=\"false\"  ><\/textarea>\r\n    \r\n    \r\n<\/div>\n\t<input type=\"hidden\" name=\"item_key\" value=\"\" \/>\n\t\t\t<div id=\"frm_field_18_container\">\n\t\t\t<label for=\"field_ieopn\" >\n\t\t\t\tIf you are human, leave this field blank.\t\t\t<\/label>\n\t\t\t<input  id=\"field_ieopn\" type=\"text\" class=\"frm_form_field form-field frm_verify\" name=\"item_meta[18]\" value=\"\"  \/>\n\t\t<\/div>\n\t\t<input name=\"frm_state\" type=\"hidden\" value=\"PpnZQ0bxdMRRqohVU6cIwFnd+YSWZscNmvO3F22ttmCQxIrnSjgzDLt3xR32FBPw\" \/><div class=\"frm_submit\">\r\n\r\n<button class=\"frm_button_submit frm_final_submit\" type=\"submit\"   formnovalidate=\"formnovalidate\">Envoyer<\/button>\r\n\r\n<\/div><\/div>\n<\/fieldset>\n<\/div>\n\n<\/form>\n<\/div>\n\t\t\t\t<\/div>\n\t\t\t\t\t\t\t\t<\/div>\n\t\t\t\t<\/div>\n\t\t\t\t\t<\/div>\n\t\t<\/div>\n\t\t\t\t\t<\/div>\n\t\t<\/section>\n\t\t\t\t<\/div>\n\t\t","protected":false},"excerpt":{"rendered":"<p>Industries de sant\u00e9, l\u2019assurance de votre conformit\u00e9 qualit\u00e9 Accueil Envie de rejoindre l\u2019\u00e9quipe 5m Partner comme consultant qualit\u00e9 ? Si vous n\u2019aimez pas la routine, les missions que nous proposons sont faites pour vous\u2026Au sein d\u2019une \u00e9quipe \u00e0 taille humaine, nous vous proposons une diversit\u00e9 de missions aupr\u00e8s de nos clients du secteur des industries [&hellip;]<\/p>\n","protected":false},"author":3,"featured_media":0,"parent":0,"menu_order":0,"comment_status":"closed","ping_status":"closed","template":"","meta":{"footnotes":""},"class_list":["post-1389","page","type-page","status-publish","hentry"],"_links":{"self":[{"href":"https:\/\/www.5mpartner.com\/en\/wp-json\/wp\/v2\/pages\/1389","targetHints":{"allow":["GET"]}}],"collection":[{"href":"https:\/\/www.5mpartner.com\/en\/wp-json\/wp\/v2\/pages"}],"about":[{"href":"https:\/\/www.5mpartner.com\/en\/wp-json\/wp\/v2\/types\/page"}],"author":[{"embeddable":true,"href":"https:\/\/www.5mpartner.com\/en\/wp-json\/wp\/v2\/users\/3"}],"replies":[{"embeddable":true,"href":"https:\/\/www.5mpartner.com\/en\/wp-json\/wp\/v2\/comments?post=1389"}],"version-history":[{"count":10,"href":"https:\/\/www.5mpartner.com\/en\/wp-json\/wp\/v2\/pages\/1389\/revisions"}],"predecessor-version":[{"id":1960,"href":"https:\/\/www.5mpartner.com\/en\/wp-json\/wp\/v2\/pages\/1389\/revisions\/1960"}],"wp:attachment":[{"href":"https:\/\/www.5mpartner.com\/en\/wp-json\/wp\/v2\/media?parent=1389"}],"curies":[{"name":"wp","href":"https:\/\/api.w.org\/{rel}","templated":true}]}}